{"id":694,"date":"2022-09-27T23:13:52","date_gmt":"2022-09-27T21:13:52","guid":{"rendered":"https:\/\/minkaporcelain.com\/?page_id=694"},"modified":"2022-09-27T23:24:15","modified_gmt":"2022-09-27T21:24:15","slug":"co-je-nove","status":"publish","type":"page","link":"https:\/\/minkaporcelain.com\/?page_id=694","title":{"rendered":"\u010co je nov\u00e9\u2026"},"content":{"rendered":"\n\n\n<ul><li><\/li><\/ul>\n\n\n\n<div class=\"wp-block-media-text alignwide is-stacked-on-mobile is-vertically-aligned-center\" style=\"grid-template-columns:59% auto\"><figure class=\"wp-block-media-text__media\"><img loading=\"lazy\" width=\"768\" height=\"1024\" src=\"https:\/\/minkaporcelain.com\/wp-content\/uploads\/2022\/09\/1BC1DDA8-8B80-4304-B025-756AFB5B0C36-768x1024.jpeg\" alt=\"\" class=\"wp-image-704 size-full\" srcset=\"https:\/\/minkaporcelain.com\/wp-content\/uploads\/2022\/09\/1BC1DDA8-8B80-4304-B025-756AFB5B0C36-768x1024.jpeg 768w, https:\/\/minkaporcelain.com\/wp-content\/uploads\/2022\/09\/1BC1DDA8-8B80-4304-B025-756AFB5B0C36-225x300.jpeg 225w, https:\/\/minkaporcelain.com\/wp-content\/uploads\/2022\/09\/1BC1DDA8-8B80-4304-B025-756AFB5B0C36-1152x1536.jpeg 1152w, https:\/\/minkaporcelain.com\/wp-content\/uploads\/2022\/09\/1BC1DDA8-8B80-4304-B025-756AFB5B0C36-1536x2048.jpeg 1536w, https:\/\/minkaporcelain.com\/wp-content\/uploads\/2022\/09\/1BC1DDA8-8B80-4304-B025-756AFB5B0C36-scaled.jpeg 1920w\" sizes=\"(max-width: 768px) 100vw, 768px\" \/><\/figure><div class=\"wp-block-media-text__content\">\n<p>kone\u010dne po rokoch je tu moja prv\u00e1 samostatn\u00e1 v\u00fdstava.<\/p>\n\n\n\n<figure class=\"wp-block-embed is-type-wp-embed is-provider-vlozit wp-block-embed-vlozit\"><div class=\"wp-block-embed__wrapper\">\n<blockquote class=\"wp-embedded-content\" data-secret=\"u8x8bd6bq5\"><a href=\"https:\/\/www.magnagallery.sk\/martina-klbeckova-okamihy\/\">Martina Klbe\u010dkov\u00e1: Okamihy<\/a><\/blockquote><iframe class=\"wp-embedded-content\" sandbox=\"allow-scripts\" security=\"restricted\" style=\"position: absolute; clip: rect(1px, 1px, 1px, 1px);\" title=\"&#8220;Martina Klbe\u010dkov\u00e1: Okamihy&#8221; &#8212; \" src=\"https:\/\/www.magnagallery.sk\/martina-klbeckova-okamihy\/embed\/#?secret=mhygCmUvST#?secret=u8x8bd6bq5\" data-secret=\"u8x8bd6bq5\" width=\"500\" height=\"282\" frameborder=\"0\" marginwidth=\"0\" marginheight=\"0\" scrolling=\"no\"><\/iframe>\n<\/div><\/figure>\n<\/div><\/div>\n","protected":false},"excerpt":{"rendered":"","protected":false},"author":2,"featured_media":0,"parent":0,"menu_order":0,"comment_status":"closed","ping_status":"closed","template":"","meta":{"_monsterinsights_skip_tracking":false,"_monsterinsights_sitenote_active":false,"_monsterinsights_sitenote_note":"","_monsterinsights_sitenote_category":0,"ngg_post_thumbnail":0},"_links":{"self":[{"href":"https:\/\/minkaporcelain.com\/index.php?rest_route=\/wp\/v2\/pages\/694"}],"collection":[{"href":"https:\/\/minkaporcelain.com\/index.php?rest_route=\/wp\/v2\/pages"}],"about":[{"href":"https:\/\/minkaporcelain.com\/index.php?rest_route=\/wp\/v2\/types\/page"}],"author":[{"embeddable":true,"href":"https:\/\/minkaporcelain.com\/index.php?rest_route=\/wp\/v2\/users\/2"}],"replies":[{"embeddable":true,"href":"https:\/\/minkaporcelain.com\/index.php?rest_route=%2Fwp%2Fv2%2Fcomments&post=694"}],"version-history":[{"count":4,"href":"https:\/\/minkaporcelain.com\/index.php?rest_route=\/wp\/v2\/pages\/694\/revisions"}],"predecessor-version":[{"id":706,"href":"https:\/\/minkaporcelain.com\/index.php?rest_route=\/wp\/v2\/pages\/694\/revisions\/706"}],"wp:attachment":[{"href":"https:\/\/minkaporcelain.com\/index.php?rest_route=%2Fwp%2Fv2%2Fmedia&parent=694"}],"curies":[{"name":"wp","href":"https:\/\/api.w.org\/{rel}","templated":true}]}}