{"id":14,"date":"2018-10-17T14:06:36","date_gmt":"2018-10-17T12:06:36","guid":{"rendered":"http:\/\/minkaporcelain.com\/?page_id=14"},"modified":"2019-11-10T00:28:55","modified_gmt":"2019-11-09T23:28:55","slug":"o-mne","status":"publish","type":"page","link":"https:\/\/minkaporcelain.com\/?page_id=14","title":{"rendered":"O mne"},"content":{"rendered":"<p>\n\n\t<div class='ngg-imagebrowser default-view'\n         id='ngg-imagebrowser-1cee57943fa9e49c9de411105a72d1c3-14'\n         data-nextgen-gallery-id=\"1cee57943fa9e49c9de411105a72d1c3\">\n\n        <h3>dielni\u010dka<\/h3>\n\n\t\t<div id=\"ngg-image-0\" class=\"pic\" >\n        \n        <a href='https:\/\/minkaporcelain.com\/wp-content\/gallery\/z-dielnicky\/IMG_0086.JPG'\n           title=' '\n           data-src=\"https:\/\/minkaporcelain.com\/wp-content\/gallery\/z-dielnicky\/IMG_0086.JPG\"\n           data-thumbnail=\"https:\/\/minkaporcelain.com\/wp-content\/gallery\/z-dielnicky\/thumbs\/thumbs_IMG_0086.JPG\"\n           data-image-id=\"24\"\n           data-title=\"dielni\u010dka\"\n           data-description=\" \"\n           class=\"ngg-simplelightbox\" rel=\"1cee57943fa9e49c9de411105a72d1c3\">\n            <img title='dielni\u010dka'\n                 alt='dielni\u010dka'\n                 src='https:\/\/minkaporcelain.com\/wp-content\/gallery\/z-dielnicky\/IMG_0086.JPG'\/>\n        <\/a>\n\t    \n        <\/div> \n\n        <div class='ngg-imagebrowser-nav'>\n\n            <div class='back'>\n                <a class='ngg-browser-prev'\n                   id='ngg-prev-183'\n                   href='https:\/\/minkaporcelain.com\/index.php\/nggallery\/image\/img_3236?page_id=14'>\n                    <i class=\"fa fa-chevron-left\" aria-hidden=\"true\"><\/i>\n                <\/a>\n            <\/div>\n\n            <div class='next'>\n                <a class='ngg-browser-next'\n                   id='ngg-next-25'\n                   href='https:\/\/minkaporcelain.com\/index.php\/nggallery\/image\/img_5435?page_id=14'>\n                    <i class=\"fa fa-chevron-right\" aria-hidden=\"true\"><\/i>\n                <\/a>\n            <\/div>\n\n            <div class='counter'>\n                Obr\u00e1zok                1                z                6            <\/div>\n\n            <div class='ngg-imagebrowser-desc'>\n                <p> <\/p>\n            <\/div>\n\n        <\/div>\n    <\/div>\n\n<span style=\"font-family: helvetica, arial, sans-serif;\">jak sa hovor\u00ed: &#8222;del\u00e1n\u00ed v\u0161etky smutky zah\u00e1n\u00ed&#8220; a tu v dielni\u010dke teda b\u00fdva riadne veselo&#8230;<\/span><\/p>\n","protected":false},"excerpt":{"rendered":"<p>jak sa hovor\u00ed: &#8222;del\u00e1n\u00ed v\u0161etky smutky zah\u00e1n\u00ed&#8220; a tu v dielni\u010dke teda b\u00fdva riadne veselo&#8230;<\/p>\n","protected":false},"author":1,"featured_media":0,"parent":0,"menu_order":0,"comment_status":"closed","ping_status":"closed","template":"","meta":{"_monsterinsights_skip_tracking":false,"_monsterinsights_sitenote_active":false,"_monsterinsights_sitenote_note":"","_monsterinsights_sitenote_category":0,"ngg_post_thumbnail":0},"_links":{"self":[{"href":"https:\/\/minkaporcelain.com\/index.php?rest_route=\/wp\/v2\/pages\/14"}],"collection":[{"href":"https:\/\/minkaporcelain.com\/index.php?rest_route=\/wp\/v2\/pages"}],"about":[{"href":"https:\/\/minkaporcelain.com\/index.php?rest_route=\/wp\/v2\/types\/page"}],"author":[{"embeddable":true,"href":"https:\/\/minkaporcelain.com\/index.php?rest_route=\/wp\/v2\/users\/1"}],"replies":[{"embeddable":true,"href":"https:\/\/minkaporcelain.com\/index.php?rest_route=%2Fwp%2Fv2%2Fcomments&post=14"}],"version-history":[{"count":3,"href":"https:\/\/minkaporcelain.com\/index.php?rest_route=\/wp\/v2\/pages\/14\/revisions"}],"predecessor-version":[{"id":104,"href":"https:\/\/minkaporcelain.com\/index.php?rest_route=\/wp\/v2\/pages\/14\/revisions\/104"}],"wp:attachment":[{"href":"https:\/\/minkaporcelain.com\/index.php?rest_route=%2Fwp%2Fv2%2Fmedia&parent=14"}],"curies":[{"name":"wp","href":"https:\/\/api.w.org\/{rel}","templated":true}]}}